{"id":4225,"date":"2025-12-21T20:43:28","date_gmt":"2025-12-21T19:43:28","guid":{"rendered":"https:\/\/dragflowsud.it\/eco-cleaning-boat\/"},"modified":"2026-04-12T14:03:09","modified_gmt":"2026-04-12T12:03:09","slug":"eco-cleaning-boat","status":"publish","type":"page","link":"https:\/\/dragflowsud.it\/es\/eco-cleaning-boat\/","title":{"rendered":"Eco Cleaning Boat"},"content":{"rendered":"<p><div class=\"fusion-fullwidth fullwidth-box fusion-builder-row-1 fusion-flex-container has-pattern-background has-mask-background hundred-percent-fullwidth non-hundred-percent-height-scrolling\" style=\"--awb-border-radius-top-left:0px;--awb-border-radius-top-right:0px;--awb-border-radius-bottom-right:0px;--awb-border-radius-bottom-left:0px;--awb-padding-top:70px;--awb-padding-right:70px;--awb-padding-bottom:70px;--awb-padding-left:70px;--awb-padding-top-small:70px;--awb-padding-right-small:30px;--awb-padding-bottom-small:70px;--awb-padding-left-small:30px;--awb-margin-top:0px;--awb-margin-bottom:0px;--awb-flex-wrap:wrap;\" ><div class=\"fusion-builder-row fusion-row fusion-flex-align-items-flex-start fusion-flex-content-wrap\" style=\"width:104% !important;max-width:104% !important;margin-left: calc(-4% \/ 2 );margin-right: calc(-4% \/ 2 );\"><div class=\"fusion-layout-column fusion_builder_column fusion-builder-column-0 fusion_builder_column_1_1 1_1 fusion-flex-column\" style=\"--awb-bg-size:cover;--awb-width-large:100%;--awb-margin-top-large:0px;--awb-spacing-right-large:1.92%;--awb-margin-bottom-large:0px;--awb-spacing-left-large:1.92%;--awb-width-medium:100%;--awb-order-medium:0;--awb-spacing-right-medium:1.92%;--awb-spacing-left-medium:1.92%;--awb-width-small:100%;--awb-order-small:0;--awb-spacing-right-small:1.92%;--awb-spacing-left-small:1.92%;\"><div class=\"fusion-column-wrapper fusion-column-has-shadow fusion-flex-justify-content-flex-start fusion-content-layout-column\"><div class=\"fusion-text fusion-text-1\"><p>Eco Cleaning Boat \u2013 ECB, es una embarcaci\u00f3n modular dise\u00f1ada para la eliminaci\u00f3n de residuos flotantes y semisumergidos en entornos portuarios. Desarrollado en dos configuraciones diferentes, \u00absmall\u00bb para puertos deportivos o comerciales de dimensiones reducidas y \u00abbig\u00bb para d\u00e1rsenas de grandes dimensiones, presenta una estructura similar a la de un catamar\u00e1n, cuyos cascos est\u00e1n fabricados con m\u00f3dulos flotantes dispuestos en dos filas, y alberga en la parte central el tanque para la recogida de residuos, que son canalizados hacia su interior gracias a unas placas montadas en la proa. <\/p>\n<p>El puesto de mando est\u00e1 equipado con panel fotovoltaico sobre T-top, destinado a alimentar los consumos de a bordo y la recarga de las bater\u00edas del motor el\u00e9ctrico. La propulsi\u00f3n de la embarcaci\u00f3n est\u00e1 confiada a un motor el\u00e9ctrico de 6 kW, alimentado por una bater\u00eda de 8 kWh. La embarcaci\u00f3n es configurable seg\u00fan las necesidades operativas y se presta a la integraci\u00f3n de sensores para monitoreos ambientales en \u00e1mbito portuario y costero, bajo condiciones meteomarinas espec\u00edficas.<\/p>\n<\/div><div class=\"fusion-image-carousel fusion-image-carousel-auto fusion-image-carousel-1\"><div class=\"awb-carousel awb-swiper awb-swiper-carousel awb-carousel--carousel awb-swiper-dots-position-bottom\" data-layout=\"carousel\" data-autoplay=\"no\" data-autoplayspeed=\"2500\" data-autoplaypause=\"no\" data-loop=\"yes\" data-columns=\"4\" data-columnsmedium=\"1\" data-columnssmall=\"1\" data-itemmargin=\"10\" data-itemwidth=\"180\" data-touchscroll=\"wheel\" data-freemode=\"no\" data-imagesize=\"auto\" data-scrollitems=\"0\" data-centeredslides=\"no\" data-rotationangle=\"50\" data-depth=\"100\" data-speed=\"500\" data-shadow=\"no\" data-pagination=\"bullets\" style=\"--awb-columns:4;--awb-column-spacing:10px;--awb-caption-title-color:#ffffff;--awb-caption-title-size:30px;--awb-caption-title-transform:none;--awb-caption-title-line-height:1.24em;--awb-caption-title-letter-spacing:0.0015em;--awb-caption-text-color:#ffffff;--awb-caption-text-size:18px;--awb-caption-text-transform:none;--awb-caption-text-line-height:1.3em;--awb-caption-text-letter-spacing:0.0015em;--awb-caption-border-color:#cdf271;--awb-caption-overlay-color:#000000;--awb-caption-background-color:rgba(15,79,255,0.96);--awb-dots-align:center;--awb-caption-text-font-family:&quot;Plus Jakarta Sans&quot;;--awb-caption-text-font-style:normal;--awb-caption-text-font-weight:500;\"><div class=\"swiper-wrapper awb-image-carousel-wrapper fusion-flex-align-items-center\"><div class=\"swiper-slide\"><div class=\"fusion-carousel-item-wrapper\"><div class=\"fusion-image-wrapper hover-type-zoomin\"><img decoding=\"async\" width=\"800\" height=\"802\" src=\"https:\/\/dragflowsud.it\/wp-content\/uploads\/2026\/01\/Eco-Cleaning-Boat_1.jpg\" class=\"attachment-full size-full lazyload\" alt=\"\" srcset=\"data:image\/svg+xml,%3Csvg%20xmlns%3D%27http%3A%2F%2Fwww.w3.org%2F2000%2Fsvg%27%20width%3D%27800%27%20height%3D%27802%27%20viewBox%3D%270%200%20800%20802%27%3E%3Crect%20width%3D%27800%27%20height%3D%27802%27%20fill-opacity%3D%220%22%2F%3E%3C%2Fsvg%3E\" data-orig-src=\"https:\/\/dragflowsud.it\/wp-content\/uploads\/2026\/01\/Eco-Cleaning-Boat_1.jpg\" data-srcset=\"https:\/\/dragflowsud.it\/wp-content\/uploads\/2026\/01\/Eco-Cleaning-Boat_1-200x201.jpg 200w, https:\/\/dragflowsud.it\/wp-content\/uploads\/2026\/01\/Eco-Cleaning-Boat_1-400x401.jpg 400w, https:\/\/dragflowsud.it\/wp-content\/uploads\/2026\/01\/Eco-Cleaning-Boat_1-600x602.jpg 600w, https:\/\/dragflowsud.it\/wp-content\/uploads\/2026\/01\/Eco-Cleaning-Boat_1.jpg 800w\" data-sizes=\"auto\" \/><\/div><\/div><\/div><div class=\"swiper-slide\"><div class=\"fusion-carousel-item-wrapper\"><div class=\"fusion-image-wrapper hover-type-zoomin\"><img decoding=\"async\" width=\"802\" height=\"800\" src=\"https:\/\/dragflowsud.it\/wp-content\/uploads\/2026\/01\/Eco-Cleaning-Boat_2.jpg\" class=\"attachment-full size-full lazyload\" alt=\"\" srcset=\"data:image\/svg+xml,%3Csvg%20xmlns%3D%27http%3A%2F%2Fwww.w3.org%2F2000%2Fsvg%27%20width%3D%27802%27%20height%3D%27800%27%20viewBox%3D%270%200%20802%20800%27%3E%3Crect%20width%3D%27802%27%20height%3D%27800%27%20fill-opacity%3D%220%22%2F%3E%3C%2Fsvg%3E\" data-orig-src=\"https:\/\/dragflowsud.it\/wp-content\/uploads\/2026\/01\/Eco-Cleaning-Boat_2.jpg\" data-srcset=\"https:\/\/dragflowsud.it\/wp-content\/uploads\/2026\/01\/Eco-Cleaning-Boat_2-200x200.jpg 200w, https:\/\/dragflowsud.it\/wp-content\/uploads\/2026\/01\/Eco-Cleaning-Boat_2-400x399.jpg 400w, https:\/\/dragflowsud.it\/wp-content\/uploads\/2026\/01\/Eco-Cleaning-Boat_2-600x599.jpg 600w, https:\/\/dragflowsud.it\/wp-content\/uploads\/2026\/01\/Eco-Cleaning-Boat_2-800x798.jpg 800w, https:\/\/dragflowsud.it\/wp-content\/uploads\/2026\/01\/Eco-Cleaning-Boat_2.jpg 802w\" data-sizes=\"auto\" \/><\/div><\/div><\/div><div class=\"swiper-slide\"><div class=\"fusion-carousel-item-wrapper\"><div class=\"fusion-image-wrapper hover-type-zoomin\"><img decoding=\"async\" width=\"800\" height=\"802\" src=\"https:\/\/dragflowsud.it\/wp-content\/uploads\/2026\/01\/Eco-Cleaning-Boat_3.jpg\" class=\"attachment-full size-full lazyload\" alt=\"\" srcset=\"data:image\/svg+xml,%3Csvg%20xmlns%3D%27http%3A%2F%2Fwww.w3.org%2F2000%2Fsvg%27%20width%3D%27800%27%20height%3D%27802%27%20viewBox%3D%270%200%20800%20802%27%3E%3Crect%20width%3D%27800%27%20height%3D%27802%27%20fill-opacity%3D%220%22%2F%3E%3C%2Fsvg%3E\" data-orig-src=\"https:\/\/dragflowsud.it\/wp-content\/uploads\/2026\/01\/Eco-Cleaning-Boat_3.jpg\" data-srcset=\"https:\/\/dragflowsud.it\/wp-content\/uploads\/2026\/01\/Eco-Cleaning-Boat_3-200x201.jpg 200w, https:\/\/dragflowsud.it\/wp-content\/uploads\/2026\/01\/Eco-Cleaning-Boat_3-400x401.jpg 400w, https:\/\/dragflowsud.it\/wp-content\/uploads\/2026\/01\/Eco-Cleaning-Boat_3-600x602.jpg 600w, https:\/\/dragflowsud.it\/wp-content\/uploads\/2026\/01\/Eco-Cleaning-Boat_3.jpg 800w\" data-sizes=\"auto\" \/><\/div><\/div><\/div><\/div><div class=\"awb-swiper-button awb-swiper-button-prev\"><i class=\"awb-icon-angle-left\" aria-hidden=\"true\"><\/i><\/div><div class=\"awb-swiper-button awb-swiper-button-next\"><i class=\"awb-icon-angle-right\" aria-hidden=\"true\"><\/i><\/div><\/div><\/div><div class=\"fusion-builder-row fusion-builder-row-inner fusion-row fusion-flex-align-items-flex-start fusion-flex-content-wrap\" style=\"--awb-flex-grow:0;--awb-flex-grow-medium:0;--awb-flex-grow-small:0;--awb-flex-shrink:0;--awb-flex-shrink-medium:0;--awb-flex-shrink-small:0;width:104% !important;max-width:104% !important;margin-left: calc(-4% \/ 2 );margin-right: calc(-4% \/ 2 );\"><div class=\"fusion-layout-column fusion_builder_column_inner fusion-builder-nested-column-0 fusion_builder_column_inner_1_4 1_4 fusion-flex-column\" style=\"--awb-bg-size:cover;--awb-width-large:25%;--awb-margin-top-large:0px;--awb-spacing-right-large:7.68%;--awb-margin-bottom-large:20px;--awb-spacing-left-large:7.68%;--awb-width-medium:25%;--awb-order-medium:0;--awb-spacing-right-medium:7.68%;--awb-spacing-left-medium:7.68%;--awb-width-small:100%;--awb-order-small:0;--awb-spacing-right-small:1.92%;--awb-spacing-left-small:1.92%;\"><div class=\"fusion-column-wrapper fusion-column-has-shadow fusion-flex-justify-content-flex-start fusion-content-layout-column\"><\/div><\/div><div class=\"fusion-layout-column fusion_builder_column_inner fusion-builder-nested-column-1 fusion_builder_column_inner_1_2 1_2 fusion-flex-column\" style=\"--awb-bg-size:cover;--awb-width-large:50%;--awb-margin-top-large:0px;--awb-spacing-right-large:3.84%;--awb-margin-bottom-large:20px;--awb-spacing-left-large:3.84%;--awb-width-medium:50%;--awb-order-medium:0;--awb-spacing-right-medium:3.84%;--awb-spacing-left-medium:3.84%;--awb-width-small:100%;--awb-order-small:0;--awb-spacing-right-small:1.92%;--awb-spacing-left-small:1.92%;\"><div class=\"fusion-column-wrapper fusion-column-has-shadow fusion-flex-justify-content-flex-start fusion-content-layout-column\"><div class=\"fusion-title title fusion-title-1 fusion-sep-none fusion-title-center fusion-title-text fusion-title-size-five\" style=\"--awb-text-color:var(--awb-color8);--awb-margin-top-small:10px;--awb-margin-right-small:0px;--awb-margin-bottom-small:10px;--awb-margin-left-small:0px;\"><h5 class=\"fusion-title-heading title-heading-center\" style=\"margin:0;\">FICHA T\u00c9CNICA<\/h5><\/div><div style=\"text-align:center;\"><a class=\"fusion-button button-3d button-large button-custom fusion-button-default button-1 fusion-button-default-span fusion-has-button-gradient\" style=\"--button_bevel_color:hsla(calc(97 + 20),66%,calc(45% - 30%),100%);--button_bevel_color_hover:var(--awb-color7);--button_accent_color:var(--awb-color1);--button_accent_hover_color:var(--awb-color1);--button_border_hover_color:var(--awb-color1);--button_gradient_top_color:var(--awb-color5);--button_gradient_bottom_color:var(--awb-color7);--button_gradient:radial-gradient(circle at center center,var(--awb-color5) 0%,var(--awb-color7) 100%);--button_gradient_top_color_hover:hsla(var(--awb-color5-h),calc(var(--awb-color5-s) - 5%),calc(var(--awb-color5-l) - 10%),var(--awb-color5-a));--button_gradient_bottom_color_hover:hsla(var(--awb-color5-h),calc(var(--awb-color5-s) - 5%),calc(var(--awb-color5-l) - 10%),var(--awb-color5-a));--button_text_transform:uppercase;--button_typography-letter-spacing:0px;\" target=\"_blank\" rel=\"noopener noreferrer\" data-hover=\"icon_rotate\" href=\"https:\/\/dragflowsud.it\/wp-content\/uploads\/2026\/01\/scheda_tecnica_ECB.pdf\"><i class=\"fa-arrow-circle-down fas awb-button__icon awb-button__icon--default button-icon-left\" aria-hidden=\"true\"><\/i><span class=\"fusion-button-text awb-button__text awb-button__text--default\">ABRIR <\/span><\/a><\/div><\/div><\/div><div class=\"fusion-layout-column fusion_builder_column_inner fusion-builder-nested-column-2 fusion_builder_column_inner_1_4 1_4 fusion-flex-column\" style=\"--awb-bg-size:cover;--awb-width-large:25%;--awb-margin-top-large:0px;--awb-spacing-right-large:7.68%;--awb-margin-bottom-large:20px;--awb-spacing-left-large:7.68%;--awb-width-medium:25%;--awb-order-medium:0;--awb-spacing-right-medium:7.68%;--awb-spacing-left-medium:7.68%;--awb-width-small:100%;--awb-order-small:0;--awb-spacing-right-small:1.92%;--awb-spacing-left-small:1.92%;\"><div class=\"fusion-column-wrapper fusion-column-has-shadow fusion-flex-justify-content-flex-start fusion-content-layout-column\"><\/div><\/div><\/div><\/div><\/div><\/div><\/div><div class=\"fusion-fullwidth fullwidth-box fusion-builder-row-2 fusion-flex-container has-pattern-background has-mask-background nonhundred-percent-fullwidth non-hundred-percent-height-scrolling\" style=\"--awb-border-radius-top-left:0px;--awb-border-radius-top-right:0px;--awb-border-radius-bottom-right:0px;--awb-border-radius-bottom-left:0px;--awb-flex-wrap:wrap;\" ><div class=\"fusion-builder-row fusion-row fusion-flex-align-items-flex-start fusion-flex-content-wrap\" style=\"max-width:1248px;margin-left: calc(-4% \/ 2 );margin-right: calc(-4% \/ 2 );\"><div class=\"fusion-layout-column fusion_builder_column fusion-builder-column-1 fusion_builder_column_1_4 1_4 fusion-flex-column\" style=\"--awb-bg-size:cover;--awb-width-large:25%;--awb-margin-top-large:0px;--awb-spacing-right-large:7.68%;--awb-margin-bottom-large:20px;--awb-spacing-left-large:7.68%;--awb-width-medium:25%;--awb-order-medium:0;--awb-spacing-right-medium:7.68%;--awb-spacing-left-medium:7.68%;--awb-width-small:100%;--awb-order-small:0;--awb-spacing-right-small:1.92%;--awb-spacing-left-small:1.92%;\"><div class=\"fusion-column-wrapper fusion-column-has-shadow fusion-flex-justify-content-flex-start fusion-content-layout-column\"><\/div><\/div><div class=\"fusion-layout-column fusion_builder_column fusion-builder-column-2 fusion_builder_column_1_2 1_2 fusion-flex-column\" style=\"--awb-bg-size:cover;--awb-width-large:50%;--awb-margin-top-large:0px;--awb-spacing-right-large:3.84%;--awb-margin-bottom-large:20px;--awb-spacing-left-large:3.84%;--awb-width-medium:50%;--awb-order-medium:0;--awb-spacing-right-medium:3.84%;--awb-spacing-left-medium:3.84%;--awb-width-small:100%;--awb-order-small:0;--awb-spacing-right-small:1.92%;--awb-spacing-left-small:1.92%;\"><div class=\"fusion-column-wrapper fusion-column-has-shadow fusion-flex-justify-content-flex-start fusion-content-layout-column\"><div class=\"fusion-image-element \" style=\"--awb-caption-title-font-family:var(--h2_typography-font-family);--awb-caption-title-font-weight:var(--h2_typography-font-weight);--awb-caption-title-font-style:var(--h2_typography-font-style);--awb-caption-title-size:var(--h2_typography-font-size);--awb-caption-title-transform:var(--h2_typography-text-transform);--awb-caption-title-line-height:var(--h2_typography-line-height);--awb-caption-title-letter-spacing:var(--h2_typography-letter-spacing);\"><span class=\" fusion-imageframe imageframe-none imageframe-1 hover-type-none\"><img decoding=\"async\" width=\"700\" height=\"655\" title=\"embarcacion_ECB\" src=\"https:\/\/dragflowsud.it\/wp-content\/uploads\/2026\/01\/battello_ECB.jpg\" data-orig-src=\"https:\/\/dragflowsud.it\/wp-content\/uploads\/2026\/01\/battello_ECB.jpg\" alt class=\"lazyload img-responsive wp-image-4231\" srcset=\"data:image\/svg+xml,%3Csvg%20xmlns%3D%27http%3A%2F%2Fwww.w3.org%2F2000%2Fsvg%27%20width%3D%27700%27%20height%3D%27655%27%20viewBox%3D%270%200%20700%20655%27%3E%3Crect%20width%3D%27700%27%20height%3D%27655%27%20fill-opacity%3D%220%22%2F%3E%3C%2Fsvg%3E\" data-srcset=\"https:\/\/dragflowsud.it\/wp-content\/uploads\/2026\/01\/battello_ECB-200x187.jpg 200w, https:\/\/dragflowsud.it\/wp-content\/uploads\/2026\/01\/battello_ECB-400x374.jpg 400w, https:\/\/dragflowsud.it\/wp-content\/uploads\/2026\/01\/battello_ECB-600x561.jpg 600w, https:\/\/dragflowsud.it\/wp-content\/uploads\/2026\/01\/battello_ECB.jpg 700w\" data-sizes=\"auto\" data-orig-sizes=\"(max-width: 640px) 100vw, 600px\" \/><\/span><\/div><\/div><\/div><div class=\"fusion-layout-column fusion_builder_column fusion-builder-column-3 fusion_builder_column_1_4 1_4 fusion-flex-column\" style=\"--awb-bg-size:cover;--awb-width-large:25%;--awb-margin-top-large:0px;--awb-spacing-right-large:7.68%;--awb-margin-bottom-large:20px;--awb-spacing-left-large:7.68%;--awb-width-medium:25%;--awb-order-medium:0;--awb-spacing-right-medium:7.68%;--awb-spacing-left-medium:7.68%;--awb-width-small:100%;--awb-order-small:0;--awb-spacing-right-small:1.92%;--awb-spacing-left-small:1.92%;\"><div class=\"fusion-column-wrapper fusion-column-has-shadow fusion-flex-justify-content-flex-start fusion-content-layout-column\"><\/div><\/div><\/div><\/div><\/p>\n","protected":false},"excerpt":{"rendered":"","protected":false},"author":4,"featured_media":4226,"parent":0,"menu_order":0,"comment_status":"closed","ping_status":"closed","template":"100-width.php","meta":{"footnotes":""},"class_list":["post-4225","page","type-page","status-publish","has-post-thumbnail","hentry"],"yoast_head":"<!-- This site is optimized with the Yoast SEO plugin v27.4 - https:\/\/yoast.com\/product\/yoast-seo-wordpress\/ -->\n<title>Eco Cleaning Boat | Dragflow Sud<\/title>\n<meta name=\"robots\" content=\"index, follow, max-snippet:-1, max-image-preview:large, max-video-preview:-1\" \/>\n<link rel=\"canonical\" href=\"https:\/\/dragflowsud.it\/es\/eco-cleaning-boat\/\" \/>\n<meta property=\"og:locale\" content=\"es_ES\" \/>\n<meta property=\"og:type\" content=\"article\" \/>\n<meta property=\"og:title\" content=\"Eco Cleaning Boat | Dragflow Sud\" \/>\n<meta property=\"og:url\" content=\"https:\/\/dragflowsud.it\/es\/eco-cleaning-boat\/\" \/>\n<meta property=\"og:site_name\" content=\"Dragflow Sud\" \/>\n<meta property=\"article:publisher\" content=\"https:\/\/www.facebook.com\/dragflowsud\" \/>\n<meta property=\"article:modified_time\" content=\"2026-04-12T12:03:09+00:00\" \/>\n<meta property=\"og:image\" content=\"https:\/\/dragflowsud.it\/wp-content\/uploads\/2026\/01\/header_ECB.jpg\" \/>\n\t<meta property=\"og:image:width\" content=\"1920\" \/>\n\t<meta property=\"og:image:height\" content=\"857\" \/>\n\t<meta property=\"og:image:type\" content=\"image\/jpeg\" \/>\n<meta name=\"twitter:card\" content=\"summary_large_image\" \/>\n<meta name=\"twitter:label1\" content=\"Tiempo de lectura\" \/>\n\t<meta name=\"twitter:data1\" content=\"16 minutos\" \/>\n<script type=\"application\/ld+json\" class=\"yoast-schema-graph\">{\"@context\":\"https:\\\/\\\/schema.org\",\"@graph\":[{\"@type\":\"WebPage\",\"@id\":\"https:\\\/\\\/dragflowsud.it\\\/es\\\/eco-cleaning-boat\\\/\",\"url\":\"https:\\\/\\\/dragflowsud.it\\\/es\\\/eco-cleaning-boat\\\/\",\"name\":\"Eco Cleaning Boat | Dragflow Sud\",\"isPartOf\":{\"@id\":\"https:\\\/\\\/dragflowsud.it\\\/es\\\/#website\"},\"primaryImageOfPage\":{\"@id\":\"https:\\\/\\\/dragflowsud.it\\\/es\\\/eco-cleaning-boat\\\/#primaryimage\"},\"image\":{\"@id\":\"https:\\\/\\\/dragflowsud.it\\\/es\\\/eco-cleaning-boat\\\/#primaryimage\"},\"thumbnailUrl\":\"https:\\\/\\\/dragflowsud.it\\\/wp-content\\\/uploads\\\/2026\\\/01\\\/header_ECB.jpg\",\"datePublished\":\"2025-12-21T19:43:28+00:00\",\"dateModified\":\"2026-04-12T12:03:09+00:00\",\"breadcrumb\":{\"@id\":\"https:\\\/\\\/dragflowsud.it\\\/es\\\/eco-cleaning-boat\\\/#breadcrumb\"},\"inLanguage\":\"es\",\"potentialAction\":[{\"@type\":\"ReadAction\",\"target\":[\"https:\\\/\\\/dragflowsud.it\\\/es\\\/eco-cleaning-boat\\\/\"]}]},{\"@type\":\"ImageObject\",\"inLanguage\":\"es\",\"@id\":\"https:\\\/\\\/dragflowsud.it\\\/es\\\/eco-cleaning-boat\\\/#primaryimage\",\"url\":\"https:\\\/\\\/dragflowsud.it\\\/wp-content\\\/uploads\\\/2026\\\/01\\\/header_ECB.jpg\",\"contentUrl\":\"https:\\\/\\\/dragflowsud.it\\\/wp-content\\\/uploads\\\/2026\\\/01\\\/header_ECB.jpg\",\"width\":1920,\"height\":857},{\"@type\":\"BreadcrumbList\",\"@id\":\"https:\\\/\\\/dragflowsud.it\\\/es\\\/eco-cleaning-boat\\\/#breadcrumb\",\"itemListElement\":[{\"@type\":\"ListItem\",\"position\":1,\"name\":\"Home\",\"item\":\"https:\\\/\\\/dragflowsud.it\\\/es\\\/home\\\/\"},{\"@type\":\"ListItem\",\"position\":2,\"name\":\"Eco Cleaning Boat\"}]},{\"@type\":\"WebSite\",\"@id\":\"https:\\\/\\\/dragflowsud.it\\\/es\\\/#website\",\"url\":\"https:\\\/\\\/dragflowsud.it\\\/es\\\/\",\"name\":\"Dragflow Sud\",\"description\":\"Dragaggio e ripascimento\",\"publisher\":{\"@id\":\"https:\\\/\\\/dragflowsud.it\\\/es\\\/#organization\"},\"potentialAction\":[{\"@type\":\"SearchAction\",\"target\":{\"@type\":\"EntryPoint\",\"urlTemplate\":\"https:\\\/\\\/dragflowsud.it\\\/es\\\/?s={search_term_string}\"},\"query-input\":{\"@type\":\"PropertyValueSpecification\",\"valueRequired\":true,\"valueName\":\"search_term_string\"}}],\"inLanguage\":\"es\"},{\"@type\":\"Organization\",\"@id\":\"https:\\\/\\\/dragflowsud.it\\\/es\\\/#organization\",\"name\":\"Dragflow Sud\",\"url\":\"https:\\\/\\\/dragflowsud.it\\\/es\\\/\",\"logo\":{\"@type\":\"ImageObject\",\"inLanguage\":\"es\",\"@id\":\"https:\\\/\\\/dragflowsud.it\\\/es\\\/#\\\/schema\\\/logo\\\/image\\\/\",\"url\":\"https:\\\/\\\/dragflowsud.it\\\/wp-content\\\/uploads\\\/2026\\\/04\\\/logo-dragflowsud.jpg\",\"contentUrl\":\"https:\\\/\\\/dragflowsud.it\\\/wp-content\\\/uploads\\\/2026\\\/04\\\/logo-dragflowsud.jpg\",\"width\":400,\"height\":400,\"caption\":\"Dragflow Sud\"},\"image\":{\"@id\":\"https:\\\/\\\/dragflowsud.it\\\/es\\\/#\\\/schema\\\/logo\\\/image\\\/\"},\"sameAs\":[\"https:\\\/\\\/www.facebook.com\\\/dragflowsud\"]}]}<\/script>\n<!-- \/ Yoast SEO plugin. -->","yoast_head_json":{"title":"Eco Cleaning Boat | Dragflow Sud","robots":{"index":"index","follow":"follow","max-snippet":"max-snippet:-1","max-image-preview":"max-image-preview:large","max-video-preview":"max-video-preview:-1"},"canonical":"https:\/\/dragflowsud.it\/es\/eco-cleaning-boat\/","og_locale":"es_ES","og_type":"article","og_title":"Eco Cleaning Boat | Dragflow Sud","og_url":"https:\/\/dragflowsud.it\/es\/eco-cleaning-boat\/","og_site_name":"Dragflow Sud","article_publisher":"https:\/\/www.facebook.com\/dragflowsud","article_modified_time":"2026-04-12T12:03:09+00:00","og_image":[{"width":1920,"height":857,"url":"https:\/\/dragflowsud.it\/wp-content\/uploads\/2026\/01\/header_ECB.jpg","type":"image\/jpeg"}],"twitter_card":"summary_large_image","twitter_misc":{"Tiempo de lectura":"16 minutos"},"schema":{"@context":"https:\/\/schema.org","@graph":[{"@type":"WebPage","@id":"https:\/\/dragflowsud.it\/es\/eco-cleaning-boat\/","url":"https:\/\/dragflowsud.it\/es\/eco-cleaning-boat\/","name":"Eco Cleaning Boat | Dragflow Sud","isPartOf":{"@id":"https:\/\/dragflowsud.it\/es\/#website"},"primaryImageOfPage":{"@id":"https:\/\/dragflowsud.it\/es\/eco-cleaning-boat\/#primaryimage"},"image":{"@id":"https:\/\/dragflowsud.it\/es\/eco-cleaning-boat\/#primaryimage"},"thumbnailUrl":"https:\/\/dragflowsud.it\/wp-content\/uploads\/2026\/01\/header_ECB.jpg","datePublished":"2025-12-21T19:43:28+00:00","dateModified":"2026-04-12T12:03:09+00:00","breadcrumb":{"@id":"https:\/\/dragflowsud.it\/es\/eco-cleaning-boat\/#breadcrumb"},"inLanguage":"es","potentialAction":[{"@type":"ReadAction","target":["https:\/\/dragflowsud.it\/es\/eco-cleaning-boat\/"]}]},{"@type":"ImageObject","inLanguage":"es","@id":"https:\/\/dragflowsud.it\/es\/eco-cleaning-boat\/#primaryimage","url":"https:\/\/dragflowsud.it\/wp-content\/uploads\/2026\/01\/header_ECB.jpg","contentUrl":"https:\/\/dragflowsud.it\/wp-content\/uploads\/2026\/01\/header_ECB.jpg","width":1920,"height":857},{"@type":"BreadcrumbList","@id":"https:\/\/dragflowsud.it\/es\/eco-cleaning-boat\/#breadcrumb","itemListElement":[{"@type":"ListItem","position":1,"name":"Home","item":"https:\/\/dragflowsud.it\/es\/home\/"},{"@type":"ListItem","position":2,"name":"Eco Cleaning Boat"}]},{"@type":"WebSite","@id":"https:\/\/dragflowsud.it\/es\/#website","url":"https:\/\/dragflowsud.it\/es\/","name":"Dragflow Sud","description":"Dragaggio e ripascimento","publisher":{"@id":"https:\/\/dragflowsud.it\/es\/#organization"},"potentialAction":[{"@type":"SearchAction","target":{"@type":"EntryPoint","urlTemplate":"https:\/\/dragflowsud.it\/es\/?s={search_term_string}"},"query-input":{"@type":"PropertyValueSpecification","valueRequired":true,"valueName":"search_term_string"}}],"inLanguage":"es"},{"@type":"Organization","@id":"https:\/\/dragflowsud.it\/es\/#organization","name":"Dragflow Sud","url":"https:\/\/dragflowsud.it\/es\/","logo":{"@type":"ImageObject","inLanguage":"es","@id":"https:\/\/dragflowsud.it\/es\/#\/schema\/logo\/image\/","url":"https:\/\/dragflowsud.it\/wp-content\/uploads\/2026\/04\/logo-dragflowsud.jpg","contentUrl":"https:\/\/dragflowsud.it\/wp-content\/uploads\/2026\/04\/logo-dragflowsud.jpg","width":400,"height":400,"caption":"Dragflow Sud"},"image":{"@id":"https:\/\/dragflowsud.it\/es\/#\/schema\/logo\/image\/"},"sameAs":["https:\/\/www.facebook.com\/dragflowsud"]}]}},"_links":{"self":[{"href":"https:\/\/dragflowsud.it\/es\/wp-json\/wp\/v2\/pages\/4225","targetHints":{"allow":["GET"]}}],"collection":[{"href":"https:\/\/dragflowsud.it\/es\/wp-json\/wp\/v2\/pages"}],"about":[{"href":"https:\/\/dragflowsud.it\/es\/wp-json\/wp\/v2\/types\/page"}],"author":[{"embeddable":true,"href":"https:\/\/dragflowsud.it\/es\/wp-json\/wp\/v2\/users\/4"}],"replies":[{"embeddable":true,"href":"https:\/\/dragflowsud.it\/es\/wp-json\/wp\/v2\/comments?post=4225"}],"version-history":[{"count":7,"href":"https:\/\/dragflowsud.it\/es\/wp-json\/wp\/v2\/pages\/4225\/revisions"}],"predecessor-version":[{"id":4242,"href":"https:\/\/dragflowsud.it\/es\/wp-json\/wp\/v2\/pages\/4225\/revisions\/4242"}],"wp:featuredmedia":[{"embeddable":true,"href":"https:\/\/dragflowsud.it\/es\/wp-json\/wp\/v2\/media\/4226"}],"wp:attachment":[{"href":"https:\/\/dragflowsud.it\/es\/wp-json\/wp\/v2\/media?parent=4225"}],"curies":[{"name":"wp","href":"https:\/\/api.w.org\/{rel}","templated":true}]}}