{"id":3979,"date":"2025-12-21T21:11:37","date_gmt":"2025-12-21T20:11:37","guid":{"rendered":"https:\/\/dragflowsud.it\/draghe-drm-drsp\/"},"modified":"2026-03-27T20:34:08","modified_gmt":"2026-03-27T19:34:08","slug":"draghe-drm-drsp","status":"publish","type":"page","link":"https:\/\/dragflowsud.it\/es\/draghe-drm-drsp\/","title":{"rendered":"Dragas DRM\/DRSP"},"content":{"rendered":"<p><div class=\"fusion-fullwidth fullwidth-box fusion-builder-row-1 fusion-flex-container video-background has-pattern-background has-mask-background hundred-percent-fullwidth non-hundred-percent-height-scrolling fusion-absolute-container fusion-absolute-position-small fusion-absolute-position-medium fusion-absolute-position-large\" style=\"--link_hover_color: var(--awb-color5);--link_color: var(--awb-color5);--awb-background-position:center bottom;--awb-background-blend-mode:overlay;--awb-border-color:var(--awb-color1);--awb-border-radius-top-left:0px;--awb-border-radius-top-right:0px;--awb-border-radius-bottom-right:0px;--awb-border-radius-bottom-left:0px;--awb-padding-top:210px;--awb-padding-bottom:110px;--awb-padding-top-medium:160px;--awb-padding-bottom-medium:100px;--awb-padding-top-small:102px;--awb-padding-right-small:40px;--awb-padding-bottom-small:46px;--awb-padding-left-small:40px;--awb-margin-bottom-medium:0px;--awb-min-height:70vh;--awb-flex-wrap:wrap;\" ><div style='opacity:0;' class='fusion-background-video-wrapper' id='video-1' data-youtube-video-id='4c36hjQgotw' data-mute='yes' data-loop='1' data-loop-adjustment='' data-video-aspect-ratio='16:9'><div class='fusion-container-video-bg' id='video-2-inner'><\/div><\/div><div class=\"fusion-builder-row fusion-row fusion-flex-align-items-flex-start fusion-flex-justify-content-center fusion-flex-content-wrap\" style=\"width:104% !important;max-width:104% !important;margin-left: calc(-4% \/ 2 );margin-right: calc(-4% \/ 2 );\"><div class=\"fusion-layout-column fusion_builder_column fusion-builder-column-0 fusion_builder_column_4_5 4_5 fusion-flex-column fusion-animated\" style=\"--awb-padding-bottom-medium:0px;--awb-bg-size:cover;--awb-width-large:80%;--awb-margin-top-large:0px;--awb-spacing-right-large:2.4%;--awb-margin-bottom-large:0px;--awb-spacing-left-large:2.4%;--awb-width-medium:100%;--awb-order-medium:0;--awb-spacing-right-medium:1.92%;--awb-spacing-left-medium:20px;--awb-width-small:100%;--awb-order-small:0;--awb-spacing-right-small:1.92%;--awb-spacing-left-small:20px;\" data-animationType=\"fadeInUp\" data-animationDuration=\"1.3\" data-animationOffset=\"top-into-view\"><div class=\"fusion-column-wrapper fusion-column-has-shadow fusion-flex-justify-content-flex-start fusion-content-layout-column\"><\/div><\/div><\/div><\/div><div class=\"fusion-fullwidth fullwidth-box fusion-builder-row-2 fusion-flex-container has-pattern-background has-mask-background hundred-percent-fullwidth non-hundred-percent-height-scrolling\" style=\"--awb-border-radius-top-left:0px;--awb-border-radius-top-right:0px;--awb-border-radius-bottom-right:0px;--awb-border-radius-bottom-left:0px;--awb-padding-top:70px;--awb-padding-right:70px;--awb-padding-bottom:70px;--awb-padding-left:70px;--awb-padding-top-small:70px;--awb-padding-right-small:30px;--awb-padding-bottom-small:70px;--awb-padding-left-small:30px;--awb-margin-top:0px;--awb-margin-bottom:0px;--awb-flex-wrap:wrap;\" ><div class=\"fusion-builder-row fusion-row fusion-flex-align-items-flex-start fusion-flex-content-wrap\" style=\"width:104% !important;max-width:104% !important;margin-left: calc(-4% \/ 2 );margin-right: calc(-4% \/ 2 );\"><div class=\"fusion-layout-column fusion_builder_column fusion-builder-column-1 fusion_builder_column_1_1 1_1 fusion-flex-column\" style=\"--awb-bg-size:cover;--awb-width-large:100%;--awb-margin-top-large:0px;--awb-spacing-right-large:1.92%;--awb-margin-bottom-large:0px;--awb-spacing-left-large:1.92%;--awb-width-medium:100%;--awb-order-medium:0;--awb-spacing-right-medium:1.92%;--awb-spacing-left-medium:1.92%;--awb-width-small:100%;--awb-order-small:0;--awb-spacing-right-small:1.92%;--awb-spacing-left-small:1.92%;\"><div class=\"fusion-column-wrapper fusion-column-has-shadow fusion-flex-justify-content-flex-start fusion-content-layout-column\"><div class=\"fusion-text fusion-text-1\"><p>Las dragas anfibias de la serie DRM y DRSP de Dragflow son m\u00e1quinas multiuso de \u00faltima generaci\u00f3n, capaces de ofrecer un alto rendimiento incluso en las operaciones de dragado m\u00e1s complejas y exigentes. El dise\u00f1o modular simplifica las operaciones de transporte, facilitando el desplazamiento a lugares de dragado de dif\u00edcil acceso como los proyectos en zonas pantanosas. Las dragas anfibias Dragflow DRM y DRSP son m\u00e1quinas potentes y eficaces en cualquier terreno, imbatibles en t\u00e9rminos de durabilidad y eficiencia operativa.<\/p>\n<\/div><div class=\"fusion-image-carousel fusion-image-carousel-auto fusion-image-carousel-1\"><div class=\"awb-carousel awb-swiper awb-swiper-carousel awb-carousel--carousel awb-swiper-dots-position-bottom\" data-layout=\"carousel\" data-autoplay=\"no\" data-autoplayspeed=\"2500\" data-autoplaypause=\"no\" data-loop=\"yes\" data-columns=\"4\" data-columnsmedium=\"1\" data-columnssmall=\"1\" data-itemmargin=\"10\" data-itemwidth=\"180\" data-touchscroll=\"no\" data-freemode=\"no\" data-imagesize=\"auto\" data-scrollitems=\"0\" data-scrollitems-medium=\"0\" data-scrollitems-small=\"0\" data-centeredslides=\"no\" data-rotationangle=\"50\" data-depth=\"100\" data-speed=\"500\" data-shadow=\"no\" data-pagination=\"bullets\" style=\"--awb-columns:4;--awb-column-spacing:10px;--awb-caption-title-color:#ffffff;--awb-caption-title-size:30px;--awb-caption-title-transform:none;--awb-caption-title-line-height:1.24em;--awb-caption-title-letter-spacing:0.0015em;--awb-caption-text-color:#ffffff;--awb-caption-text-size:18px;--awb-caption-text-transform:none;--awb-caption-text-line-height:1.3em;--awb-caption-text-letter-spacing:0.0015em;--awb-caption-border-color:#cdf271;--awb-caption-overlay-color:#000000;--awb-caption-background-color:rgba(15,79,255,0.96);--awb-dots-align:center;--awb-caption-text-font-family:&quot;Plus Jakarta Sans&quot;;--awb-caption-text-font-style:normal;--awb-caption-text-font-weight:500;\"><div class=\"swiper-wrapper awb-image-carousel-wrapper fusion-flex-align-items-center\"><div class=\"swiper-slide\"><div class=\"fusion-carousel-item-wrapper\"><div class=\"fusion-image-wrapper hover-type-zoomin\"><a href=\"#\" target=\"_self\"><img decoding=\"async\" width=\"800\" height=\"800\" src=\"https:\/\/dragflowsud.it\/wp-content\/uploads\/2026\/01\/DRM.jpg\" class=\"attachment-full size-full lazyload\" alt=\"\" srcset=\"data:image\/svg+xml,%3Csvg%20xmlns%3D%27http%3A%2F%2Fwww.w3.org%2F2000%2Fsvg%27%20width%3D%27800%27%20height%3D%27800%27%20viewBox%3D%270%200%20800%20800%27%3E%3Crect%20width%3D%27800%27%20height%3D%27800%27%20fill-opacity%3D%220%22%2F%3E%3C%2Fsvg%3E\" data-orig-src=\"https:\/\/dragflowsud.it\/wp-content\/uploads\/2026\/01\/DRM.jpg\" data-srcset=\"https:\/\/dragflowsud.it\/wp-content\/uploads\/2026\/01\/DRM-200x200.jpg 200w, https:\/\/dragflowsud.it\/wp-content\/uploads\/2026\/01\/DRM-400x400.jpg 400w, https:\/\/dragflowsud.it\/wp-content\/uploads\/2026\/01\/DRM-600x600.jpg 600w, https:\/\/dragflowsud.it\/wp-content\/uploads\/2026\/01\/DRM.jpg 800w\" data-sizes=\"auto\" \/><\/a><\/div><\/div><\/div><div class=\"swiper-slide\"><div class=\"fusion-carousel-item-wrapper\"><div class=\"fusion-image-wrapper hover-type-zoomin\"><a href=\"#\" target=\"_self\"><img decoding=\"async\" width=\"800\" height=\"800\" src=\"https:\/\/dragflowsud.it\/wp-content\/uploads\/2026\/01\/DRSP.jpg\" class=\"attachment-full size-full lazyload\" alt=\"\" srcset=\"data:image\/svg+xml,%3Csvg%20xmlns%3D%27http%3A%2F%2Fwww.w3.org%2F2000%2Fsvg%27%20width%3D%27800%27%20height%3D%27800%27%20viewBox%3D%270%200%20800%20800%27%3E%3Crect%20width%3D%27800%27%20height%3D%27800%27%20fill-opacity%3D%220%22%2F%3E%3C%2Fsvg%3E\" data-orig-src=\"https:\/\/dragflowsud.it\/wp-content\/uploads\/2026\/01\/DRSP.jpg\" data-srcset=\"https:\/\/dragflowsud.it\/wp-content\/uploads\/2026\/01\/DRSP-200x200.jpg 200w, https:\/\/dragflowsud.it\/wp-content\/uploads\/2026\/01\/DRSP-400x400.jpg 400w, https:\/\/dragflowsud.it\/wp-content\/uploads\/2026\/01\/DRSP-600x600.jpg 600w, https:\/\/dragflowsud.it\/wp-content\/uploads\/2026\/01\/DRSP.jpg 800w\" data-sizes=\"auto\" \/><\/a><\/div><\/div><\/div><\/div><\/div><\/div><div class=\"fusion-builder-row fusion-builder-row-inner fusion-row fusion-flex-align-items-flex-start fusion-flex-content-wrap\" style=\"--awb-flex-grow:0;--awb-flex-grow-medium:0;--awb-flex-grow-small:0;--awb-flex-shrink:0;--awb-flex-shrink-medium:0;--awb-flex-shrink-small:0;width:104% !important;max-width:104% !important;margin-left: calc(-4% \/ 2 );margin-right: calc(-4% \/ 2 );\"><div class=\"fusion-layout-column fusion_builder_column_inner fusion-builder-nested-column-0 fusion_builder_column_inner_1_4 1_4 fusion-flex-column\" style=\"--awb-bg-size:cover;--awb-width-large:25%;--awb-margin-top-large:0px;--awb-spacing-right-large:7.68%;--awb-margin-bottom-large:20px;--awb-spacing-left-large:7.68%;--awb-width-medium:25%;--awb-order-medium:0;--awb-spacing-right-medium:7.68%;--awb-spacing-left-medium:7.68%;--awb-width-small:100%;--awb-order-small:0;--awb-spacing-right-small:1.92%;--awb-spacing-left-small:1.92%;\"><div class=\"fusion-column-wrapper fusion-column-has-shadow fusion-flex-justify-content-flex-start fusion-content-layout-column\"><\/div><\/div><div class=\"fusion-layout-column fusion_builder_column_inner fusion-builder-nested-column-1 fusion_builder_column_inner_1_2 1_2 fusion-flex-column\" style=\"--awb-bg-size:cover;--awb-width-large:50%;--awb-margin-top-large:0px;--awb-spacing-right-large:3.84%;--awb-margin-bottom-large:20px;--awb-spacing-left-large:3.84%;--awb-width-medium:50%;--awb-order-medium:0;--awb-spacing-right-medium:3.84%;--awb-spacing-left-medium:3.84%;--awb-width-small:100%;--awb-order-small:0;--awb-spacing-right-small:1.92%;--awb-spacing-left-small:1.92%;\"><div class=\"fusion-column-wrapper fusion-column-has-shadow fusion-flex-justify-content-flex-start fusion-content-layout-column\"><div class=\"fusion-title title fusion-title-1 fusion-sep-none fusion-title-center fusion-title-text fusion-title-size-three\" style=\"--awb-text-color:var(--awb-color8);--awb-margin-top-small:10px;--awb-margin-right-small:0px;--awb-margin-bottom-small:10px;--awb-margin-left-small:0px;\"><h3 class=\"fusion-title-heading title-heading-center\" style=\"margin:0;\">CAT\u00c1LOGO<\/h3><\/div><div style=\"text-align:center;\"><a class=\"fusion-button button-3d button-large button-custom fusion-button-default button-1 fusion-button-default-span fusion-animated fusion-has-button-gradient\" style=\"--button_bevel_color:hsla(calc(97 + 20),66%,calc(45% - 30%),100%);--button_bevel_color_hover:hsla(calc(var(--awb-color5-h) + 20),var(--awb-color5-s),calc(var(--awb-color5-l) - 30%),var(--awb-color5-a));--button_accent_color:var(--awb-color1);--button_border_color:var(--awb-color5);--button_accent_hover_color:var(--awb-color1);--button_border_hover_color:var(--awb-color1);--button_border_width-top:0;--button_border_width-right:0;--button_border_width-bottom:0;--button_border_width-left:0;--button-border-radius-top-left:20px;--button-border-radius-top-right:20px;--button-border-radius-bottom-right:20px;--button-border-radius-bottom-left:20px;--button_gradient_top_color:var(--awb-color2);--button_gradient_bottom_color:hsla(calc(var(--awb-color2-h) + 20),var(--awb-color2-s),calc(var(--awb-color2-l) - 10%),var(--awb-color2-a));--button_gradient:radial-gradient(circle at center top,var(--awb-color2) 0%,hsla(calc(var(--awb-color2-h) + 20),var(--awb-color2-s),calc(var(--awb-color2-l) - 10%),var(--awb-color2-a)) 100%);--button_gradient_top_color_hover:hsla(var(--awb-color5-h),var(--awb-color5-s),calc(var(--awb-color5-l) + 10%),var(--awb-color5-a));--button_gradient_bottom_color_hover:hsla(calc(var(--awb-color5-h) + 20),var(--awb-color5-s),calc(var(--awb-color5-l) - 10%),var(--awb-color5-a));--button_gradient_hover:radial-gradient(circle at center top,hsla(var(--awb-color5-h),var(--awb-color5-s),calc(var(--awb-color5-l) + 10%),var(--awb-color5-a)) 0%,hsla(calc(var(--awb-color5-h) + 20),var(--awb-color5-s),calc(var(--awb-color5-l) - 10%),var(--awb-color5-a)) 100%);--button_text_transform:uppercase;--button_typography-letter-spacing:var(--awb-typography1-letter-spacing);\" data-animationType=\"flipinx\" data-animationDuration=\"0.9\" data-animationOffset=\"top-into-view\" target=\"_blank\" rel=\"noopener noreferrer\" data-hover=\"icon_rotate\" href=\"https:\/\/dragflowsud.it\/wp-content\/uploads\/2026\/01\/catalogo-DRM-DRSP-IT.pdf\"><i class=\"fa-arrow-circle-down fas awb-button__icon awb-button__icon--default button-icon-left\" aria-hidden=\"true\"><\/i><span class=\"fusion-button-text awb-button__text awb-button__text--default\">ABRIR <\/span><\/a><\/div><\/div><\/div><div class=\"fusion-layout-column fusion_builder_column_inner fusion-builder-nested-column-2 fusion_builder_column_inner_1_4 1_4 fusion-flex-column\" style=\"--awb-bg-size:cover;--awb-width-large:25%;--awb-margin-top-large:0px;--awb-spacing-right-large:7.68%;--awb-margin-bottom-large:20px;--awb-spacing-left-large:7.68%;--awb-width-medium:25%;--awb-order-medium:0;--awb-spacing-right-medium:7.68%;--awb-spacing-left-medium:7.68%;--awb-width-small:100%;--awb-order-small:0;--awb-spacing-right-small:1.92%;--awb-spacing-left-small:1.92%;\"><div class=\"fusion-column-wrapper fusion-column-has-shadow fusion-flex-justify-content-flex-start fusion-content-layout-column\"><\/div><\/div><\/div><\/div><\/div><\/div><\/div><\/p>\n","protected":false},"excerpt":{"rendered":"","protected":false},"author":4,"featured_media":0,"parent":0,"menu_order":0,"comment_status":"closed","ping_status":"closed","template":"100-width.php","meta":{"footnotes":""},"class_list":["post-3979","page","type-page","status-publish","hentry"],"yoast_head":"<!-- This site is optimized with the Yoast SEO plugin v27.4 - https:\/\/yoast.com\/product\/yoast-seo-wordpress\/ -->\n<title>Dragas DRM\/DRSP | Dragflow Sud<\/title>\n<meta name=\"robots\" content=\"index, follow, max-snippet:-1, max-image-preview:large, max-video-preview:-1\" \/>\n<link rel=\"canonical\" href=\"https:\/\/dragflowsud.it\/es\/draghe-drm-drsp\/\" \/>\n<meta property=\"og:locale\" content=\"es_ES\" \/>\n<meta property=\"og:type\" content=\"article\" \/>\n<meta property=\"og:title\" content=\"Dragas DRM\/DRSP | Dragflow Sud\" \/>\n<meta property=\"og:url\" content=\"https:\/\/dragflowsud.it\/es\/draghe-drm-drsp\/\" \/>\n<meta property=\"og:site_name\" content=\"Dragflow Sud\" \/>\n<meta property=\"article:publisher\" content=\"https:\/\/www.facebook.com\/dragflowsud\" \/>\n<meta property=\"article:modified_time\" content=\"2026-03-27T19:34:08+00:00\" \/>\n<meta property=\"og:image\" content=\"https:\/\/dragflowsud.it\/wp-content\/uploads\/2026\/04\/dragflow-sud.jpg\" \/>\n\t<meta property=\"og:image:width\" content=\"1194\" \/>\n\t<meta property=\"og:image:height\" content=\"615\" \/>\n\t<meta property=\"og:image:type\" content=\"image\/jpeg\" \/>\n<meta name=\"twitter:card\" content=\"summary_large_image\" \/>\n<meta name=\"twitter:label1\" content=\"Tiempo de lectura\" \/>\n\t<meta name=\"twitter:data1\" content=\"13 minutos\" \/>\n<script type=\"application\/ld+json\" class=\"yoast-schema-graph\">{\"@context\":\"https:\\\/\\\/schema.org\",\"@graph\":[{\"@type\":\"WebPage\",\"@id\":\"https:\\\/\\\/dragflowsud.it\\\/es\\\/draghe-drm-drsp\\\/\",\"url\":\"https:\\\/\\\/dragflowsud.it\\\/es\\\/draghe-drm-drsp\\\/\",\"name\":\"Dragas DRM\\\/DRSP | Dragflow Sud\",\"isPartOf\":{\"@id\":\"https:\\\/\\\/dragflowsud.it\\\/es\\\/#website\"},\"datePublished\":\"2025-12-21T20:11:37+00:00\",\"dateModified\":\"2026-03-27T19:34:08+00:00\",\"breadcrumb\":{\"@id\":\"https:\\\/\\\/dragflowsud.it\\\/es\\\/draghe-drm-drsp\\\/#breadcrumb\"},\"inLanguage\":\"es\",\"potentialAction\":[{\"@type\":\"ReadAction\",\"target\":[\"https:\\\/\\\/dragflowsud.it\\\/es\\\/draghe-drm-drsp\\\/\"]}]},{\"@type\":\"BreadcrumbList\",\"@id\":\"https:\\\/\\\/dragflowsud.it\\\/es\\\/draghe-drm-drsp\\\/#breadcrumb\",\"itemListElement\":[{\"@type\":\"ListItem\",\"position\":1,\"name\":\"Home\",\"item\":\"https:\\\/\\\/dragflowsud.it\\\/es\\\/home\\\/\"},{\"@type\":\"ListItem\",\"position\":2,\"name\":\"Dragas DRM\\\/DRSP\"}]},{\"@type\":\"WebSite\",\"@id\":\"https:\\\/\\\/dragflowsud.it\\\/es\\\/#website\",\"url\":\"https:\\\/\\\/dragflowsud.it\\\/es\\\/\",\"name\":\"Dragflow Sud\",\"description\":\"Dragaggio e ripascimento\",\"publisher\":{\"@id\":\"https:\\\/\\\/dragflowsud.it\\\/es\\\/#organization\"},\"potentialAction\":[{\"@type\":\"SearchAction\",\"target\":{\"@type\":\"EntryPoint\",\"urlTemplate\":\"https:\\\/\\\/dragflowsud.it\\\/es\\\/?s={search_term_string}\"},\"query-input\":{\"@type\":\"PropertyValueSpecification\",\"valueRequired\":true,\"valueName\":\"search_term_string\"}}],\"inLanguage\":\"es\"},{\"@type\":\"Organization\",\"@id\":\"https:\\\/\\\/dragflowsud.it\\\/es\\\/#organization\",\"name\":\"Dragflow Sud\",\"url\":\"https:\\\/\\\/dragflowsud.it\\\/es\\\/\",\"logo\":{\"@type\":\"ImageObject\",\"inLanguage\":\"es\",\"@id\":\"https:\\\/\\\/dragflowsud.it\\\/es\\\/#\\\/schema\\\/logo\\\/image\\\/\",\"url\":\"https:\\\/\\\/dragflowsud.it\\\/wp-content\\\/uploads\\\/2026\\\/04\\\/logo-dragflowsud.jpg\",\"contentUrl\":\"https:\\\/\\\/dragflowsud.it\\\/wp-content\\\/uploads\\\/2026\\\/04\\\/logo-dragflowsud.jpg\",\"width\":400,\"height\":400,\"caption\":\"Dragflow Sud\"},\"image\":{\"@id\":\"https:\\\/\\\/dragflowsud.it\\\/es\\\/#\\\/schema\\\/logo\\\/image\\\/\"},\"sameAs\":[\"https:\\\/\\\/www.facebook.com\\\/dragflowsud\"]}]}<\/script>\n<!-- \/ Yoast SEO plugin. -->","yoast_head_json":{"title":"Dragas DRM\/DRSP | Dragflow Sud","robots":{"index":"index","follow":"follow","max-snippet":"max-snippet:-1","max-image-preview":"max-image-preview:large","max-video-preview":"max-video-preview:-1"},"canonical":"https:\/\/dragflowsud.it\/es\/draghe-drm-drsp\/","og_locale":"es_ES","og_type":"article","og_title":"Dragas DRM\/DRSP | Dragflow Sud","og_url":"https:\/\/dragflowsud.it\/es\/draghe-drm-drsp\/","og_site_name":"Dragflow Sud","article_publisher":"https:\/\/www.facebook.com\/dragflowsud","article_modified_time":"2026-03-27T19:34:08+00:00","og_image":[{"width":1194,"height":615,"url":"https:\/\/dragflowsud.it\/wp-content\/uploads\/2026\/04\/dragflow-sud.jpg","type":"image\/jpeg"}],"twitter_card":"summary_large_image","twitter_misc":{"Tiempo de lectura":"13 minutos"},"schema":{"@context":"https:\/\/schema.org","@graph":[{"@type":"WebPage","@id":"https:\/\/dragflowsud.it\/es\/draghe-drm-drsp\/","url":"https:\/\/dragflowsud.it\/es\/draghe-drm-drsp\/","name":"Dragas DRM\/DRSP | Dragflow Sud","isPartOf":{"@id":"https:\/\/dragflowsud.it\/es\/#website"},"datePublished":"2025-12-21T20:11:37+00:00","dateModified":"2026-03-27T19:34:08+00:00","breadcrumb":{"@id":"https:\/\/dragflowsud.it\/es\/draghe-drm-drsp\/#breadcrumb"},"inLanguage":"es","potentialAction":[{"@type":"ReadAction","target":["https:\/\/dragflowsud.it\/es\/draghe-drm-drsp\/"]}]},{"@type":"BreadcrumbList","@id":"https:\/\/dragflowsud.it\/es\/draghe-drm-drsp\/#breadcrumb","itemListElement":[{"@type":"ListItem","position":1,"name":"Home","item":"https:\/\/dragflowsud.it\/es\/home\/"},{"@type":"ListItem","position":2,"name":"Dragas DRM\/DRSP"}]},{"@type":"WebSite","@id":"https:\/\/dragflowsud.it\/es\/#website","url":"https:\/\/dragflowsud.it\/es\/","name":"Dragflow Sud","description":"Dragaggio e ripascimento","publisher":{"@id":"https:\/\/dragflowsud.it\/es\/#organization"},"potentialAction":[{"@type":"SearchAction","target":{"@type":"EntryPoint","urlTemplate":"https:\/\/dragflowsud.it\/es\/?s={search_term_string}"},"query-input":{"@type":"PropertyValueSpecification","valueRequired":true,"valueName":"search_term_string"}}],"inLanguage":"es"},{"@type":"Organization","@id":"https:\/\/dragflowsud.it\/es\/#organization","name":"Dragflow Sud","url":"https:\/\/dragflowsud.it\/es\/","logo":{"@type":"ImageObject","inLanguage":"es","@id":"https:\/\/dragflowsud.it\/es\/#\/schema\/logo\/image\/","url":"https:\/\/dragflowsud.it\/wp-content\/uploads\/2026\/04\/logo-dragflowsud.jpg","contentUrl":"https:\/\/dragflowsud.it\/wp-content\/uploads\/2026\/04\/logo-dragflowsud.jpg","width":400,"height":400,"caption":"Dragflow Sud"},"image":{"@id":"https:\/\/dragflowsud.it\/es\/#\/schema\/logo\/image\/"},"sameAs":["https:\/\/www.facebook.com\/dragflowsud"]}]}},"_links":{"self":[{"href":"https:\/\/dragflowsud.it\/es\/wp-json\/wp\/v2\/pages\/3979","targetHints":{"allow":["GET"]}}],"collection":[{"href":"https:\/\/dragflowsud.it\/es\/wp-json\/wp\/v2\/pages"}],"about":[{"href":"https:\/\/dragflowsud.it\/es\/wp-json\/wp\/v2\/types\/page"}],"author":[{"embeddable":true,"href":"https:\/\/dragflowsud.it\/es\/wp-json\/wp\/v2\/users\/4"}],"replies":[{"embeddable":true,"href":"https:\/\/dragflowsud.it\/es\/wp-json\/wp\/v2\/comments?post=3979"}],"version-history":[{"count":5,"href":"https:\/\/dragflowsud.it\/es\/wp-json\/wp\/v2\/pages\/3979\/revisions"}],"predecessor-version":[{"id":4039,"href":"https:\/\/dragflowsud.it\/es\/wp-json\/wp\/v2\/pages\/3979\/revisions\/4039"}],"wp:attachment":[{"href":"https:\/\/dragflowsud.it\/es\/wp-json\/wp\/v2\/media?parent=3979"}],"curies":[{"name":"wp","href":"https:\/\/api.w.org\/{rel}","templated":true}]}}